{"id":535,"date":"2018-12-26T17:31:08","date_gmt":"2018-12-26T16:31:08","guid":{"rendered":"http:\/\/www.breilsort.de\/?page_id=535"},"modified":"2018-12-26T21:00:51","modified_gmt":"2018-12-26T20:00:51","slug":"11-strassenfest","status":"publish","type":"page","link":"https:\/\/www.breilsort.de\/?page_id=535","title":{"rendered":"11. Stra\u00dfenfest"},"content":{"rendered":"<p>&nbsp;<\/p>\n<p>&nbsp;<\/p>\n<p style=\"text-align: center;\"><span style=\"color: #000000;\"><span style=\"font-size: 300%;\">Fotos vom 11. Stra\u00dfenfest am 08.09.2018<\/span><\/span><\/p>\n<p>&nbsp;<\/p>\n<p>&nbsp;<\/p>\n<p><center><\/p>\n<blockquote class=\"imgur-embed-pub\" lang=\"en\" data-id=\"a\/ousOFl0\"><p><a href=\"\/\/imgur.com\/a\/ousOFl0\">11. Stra\u00dfenfest am 08.09.2018<\/a><\/p><\/blockquote>\n<p><script async=\"\" src=\"\/\/s.imgur.com\/min\/embed.js\" charset=\"utf-8\"><\/script><\/p>\n<p><\/center><\/p>\n","protected":false},"excerpt":{"rendered":"<p>&nbsp; &nbsp; Fotos vom 11. Stra\u00dfenfest am 08.09.2018 &nbsp; &nbsp; 11. Stra\u00dfenfest am 08.09.2018<\/p>\n","protected":false},"author":1,"featured_media":0,"parent":0,"menu_order":0,"comment_status":"closed","ping_status":"closed","template":"","meta":[],"yoast_head":"<!-- This site is optimized with the Yoast SEO plugin v18.8 - https:\/\/yoast.com\/wordpress\/plugins\/seo\/ -->\n<title>11. Stra\u00dfenfest -<\/title>\n<meta name=\"robots\" content=\"index, follow, max-snippet:-1, max-image-preview:large, max-video-preview:-1\" \/>\n<link rel=\"canonical\" href=\"https:\/\/www.breilsort.de\/?page_id=535\" \/>\n<meta property=\"og:locale\" content=\"de_DE\" \/>\n<meta property=\"og:type\" content=\"article\" \/>\n<meta property=\"og:title\" content=\"11. Stra\u00dfenfest -\" \/>\n<meta property=\"og:description\" content=\"&nbsp; &nbsp; Fotos vom 11. Stra\u00dfenfest am 08.09.2018 &nbsp; &nbsp; 11. Stra\u00dfenfest am 08.09.2018\" \/>\n<meta property=\"og:url\" content=\"https:\/\/www.breilsort.de\/?page_id=535\" \/>\n<meta property=\"article:modified_time\" content=\"2018-12-26T20:00:51+00:00\" \/>\n<script type=\"application\/ld+json\" class=\"yoast-schema-graph\">{\"@context\":\"https:\/\/schema.org\",\"@graph\":[{\"@type\":\"WebSite\",\"@id\":\"https:\/\/www.breilsort.de\/#website\",\"url\":\"https:\/\/www.breilsort.de\/\",\"name\":\"\",\"description\":\"\",\"potentialAction\":[{\"@type\":\"SearchAction\",\"target\":{\"@type\":\"EntryPoint\",\"urlTemplate\":\"https:\/\/www.breilsort.de\/?s={search_term_string}\"},\"query-input\":\"required name=search_term_string\"}],\"inLanguage\":\"de\"},{\"@type\":\"WebPage\",\"@id\":\"https:\/\/www.breilsort.de\/?page_id=535#webpage\",\"url\":\"https:\/\/www.breilsort.de\/?page_id=535\",\"name\":\"11. Stra\u00dfenfest -\",\"isPartOf\":{\"@id\":\"https:\/\/www.breilsort.de\/#website\"},\"datePublished\":\"2018-12-26T16:31:08+00:00\",\"dateModified\":\"2018-12-26T20:00:51+00:00\",\"breadcrumb\":{\"@id\":\"https:\/\/www.breilsort.de\/?page_id=535#breadcrumb\"},\"inLanguage\":\"de\",\"potentialAction\":[{\"@type\":\"ReadAction\",\"target\":[\"https:\/\/www.breilsort.de\/?page_id=535\"]}]},{\"@type\":\"BreadcrumbList\",\"@id\":\"https:\/\/www.breilsort.de\/?page_id=535#breadcrumb\",\"itemListElement\":[{\"@type\":\"ListItem\",\"position\":1,\"name\":\"11. Stra\u00dfenfest\"}]}]}<\/script>\n<!-- \/ Yoast SEO plugin. -->","yoast_head_json":{"title":"11. Stra\u00dfenfest -","robots":{"index":"index","follow":"follow","max-snippet":"max-snippet:-1","max-image-preview":"max-image-preview:large","max-video-preview":"max-video-preview:-1"},"canonical":"https:\/\/www.breilsort.de\/?page_id=535","og_locale":"de_DE","og_type":"article","og_title":"11. Stra\u00dfenfest -","og_description":"&nbsp; &nbsp; Fotos vom 11. Stra\u00dfenfest am 08.09.2018 &nbsp; &nbsp; 11. Stra\u00dfenfest am 08.09.2018","og_url":"https:\/\/www.breilsort.de\/?page_id=535","article_modified_time":"2018-12-26T20:00:51+00:00","schema":{"@context":"https:\/\/schema.org","@graph":[{"@type":"WebSite","@id":"https:\/\/www.breilsort.de\/#website","url":"https:\/\/www.breilsort.de\/","name":"","description":"","potentialAction":[{"@type":"SearchAction","target":{"@type":"EntryPoint","urlTemplate":"https:\/\/www.breilsort.de\/?s={search_term_string}"},"query-input":"required name=search_term_string"}],"inLanguage":"de"},{"@type":"WebPage","@id":"https:\/\/www.breilsort.de\/?page_id=535#webpage","url":"https:\/\/www.breilsort.de\/?page_id=535","name":"11. Stra\u00dfenfest -","isPartOf":{"@id":"https:\/\/www.breilsort.de\/#website"},"datePublished":"2018-12-26T16:31:08+00:00","dateModified":"2018-12-26T20:00:51+00:00","breadcrumb":{"@id":"https:\/\/www.breilsort.de\/?page_id=535#breadcrumb"},"inLanguage":"de","potentialAction":[{"@type":"ReadAction","target":["https:\/\/www.breilsort.de\/?page_id=535"]}]},{"@type":"BreadcrumbList","@id":"https:\/\/www.breilsort.de\/?page_id=535#breadcrumb","itemListElement":[{"@type":"ListItem","position":1,"name":"11. Stra\u00dfenfest"}]}]}},"_links":{"self":[{"href":"https:\/\/www.breilsort.de\/index.php?rest_route=\/wp\/v2\/pages\/535"}],"collection":[{"href":"https:\/\/www.breilsort.de\/index.php?rest_route=\/wp\/v2\/pages"}],"about":[{"href":"https:\/\/www.breilsort.de\/index.php?rest_route=\/wp\/v2\/types\/page"}],"author":[{"embeddable":true,"href":"https:\/\/www.breilsort.de\/index.php?rest_route=\/wp\/v2\/users\/1"}],"replies":[{"embeddable":true,"href":"https:\/\/www.breilsort.de\/index.php?rest_route=%2Fwp%2Fv2%2Fcomments&post=535"}],"version-history":[{"count":5,"href":"https:\/\/www.breilsort.de\/index.php?rest_route=\/wp\/v2\/pages\/535\/revisions"}],"predecessor-version":[{"id":551,"href":"https:\/\/www.breilsort.de\/index.php?rest_route=\/wp\/v2\/pages\/535\/revisions\/551"}],"wp:attachment":[{"href":"https:\/\/www.breilsort.de\/index.php?rest_route=%2Fwp%2Fv2%2Fmedia&parent=535"}],"curies":[{"name":"wp","href":"https:\/\/api.w.org\/{rel}","templated":true}]}}